{"id":2027,"date":"2023-08-15T15:16:20","date_gmt":"2023-08-15T13:16:20","guid":{"rendered":"https:\/\/chaircraft.ro\/?post_type=product&#038;p=2027"},"modified":"2023-08-15T15:16:20","modified_gmt":"2023-08-15T13:16:20","slug":"rtab-r","status":"publish","type":"product","link":"https:\/\/justcreativ.ro\/en\/uncategorized\/rtab-r\/","title":{"rendered":"RTab R"},"content":{"rendered":"","protected":false},"excerpt":{"rendered":"<p>Fotoliu puf tip taburet, umplut cu perle de polistiren. Dispune de o hus\u0103 deta\u0219abil\u0103, din material<br \/>\nimpermeabil, astfel \u00eenc\u00e2t poate fi utilizat at\u00e2t indoor c\u00e2t \u0219i outdoor.<br \/>\nMaterial Panama &#8211; material sintetic impermeabil<br \/>\nHusa deta\u0219abil\u0103 poate fi sp\u0103lat\u0103 la ma\u0219in\u0103, la o temperature de 30 de grade C \u0219i centrifugare mic\u0103.<br \/>\nPerlele de polistiren se vor aplatiza \u00een timp, astfel \u00eenc\u00e2t va trebui completat\u0103 cantitatea.<br \/>\nProdus \u00een Rom\u00e2nia<\/p>\n<p>Dimensiuni (Lxlxh) 40x40x40 cm<br \/>\nGreutate 1,3 kg<\/p>","protected":false},"featured_media":2028,"template":"","meta":[],"product_brand":[],"product_cat":[15],"product_tag":[],"class_list":{"0":"post-2027","1":"product","2":"type-product","3":"status-publish","4":"has-post-thumbnail","6":"product_cat-uncategorized","8":"first","9":"instock","10":"shipping-taxable","11":"product-type-simple"},"jetpack_sharing_enabled":true,"_links":{"self":[{"href":"https:\/\/justcreativ.ro\/en\/wp-json\/wp\/v2\/product\/2027","targetHints":{"allow":["GET"]}}],"collection":[{"href":"https:\/\/justcreativ.ro\/en\/wp-json\/wp\/v2\/product"}],"about":[{"href":"https:\/\/justcreativ.ro\/en\/wp-json\/wp\/v2\/types\/product"}],"wp:featuredmedia":[{"embeddable":true,"href":"https:\/\/justcreativ.ro\/en\/wp-json\/wp\/v2\/media\/2028"}],"wp:attachment":[{"href":"https:\/\/justcreativ.ro\/en\/wp-json\/wp\/v2\/media?parent=2027"}],"wp:term":[{"taxonomy":"product_brand","embeddable":true,"href":"https:\/\/justcreativ.ro\/en\/wp-json\/wp\/v2\/product_brand?post=2027"},{"taxonomy":"product_cat","embeddable":true,"href":"https:\/\/justcreativ.ro\/en\/wp-json\/wp\/v2\/product_cat?post=2027"},{"taxonomy":"product_tag","embeddable":true,"href":"https:\/\/justcreativ.ro\/en\/wp-json\/wp\/v2\/product_tag?post=2027"}],"curies":[{"name":"wp","href":"https:\/\/api.w.org\/{rel}","templated":true}]}}