{"id":1993,"date":"2023-08-15T15:06:33","date_gmt":"2023-08-15T13:06:33","guid":{"rendered":"https:\/\/chaircraft.ro\/?post_type=product&#038;p=1993"},"modified":"2023-08-15T15:06:33","modified_gmt":"2023-08-15T13:06:33","slug":"rmat-mic","status":"publish","type":"product","link":"https:\/\/justcreativ.ro\/en\/uncategorized\/rmat-mic\/","title":{"rendered":"RMat mic"},"content":{"rendered":"","protected":false},"excerpt":{"rendered":"<p>Fotoliu puf modular, umplut cu perle de polistiren. Dispune de o hus\u0103 deta\u0219abil\u0103, din material<br \/>\nimpermeabil, astfel \u00eenc\u00e2t poate fi utilizat at\u00e2t indoor c\u00e2t \u0219i outdoor.<br \/>\nPoate fi folosit at\u00e2t ca saltea, c\u00e2t \u0219i ca fotoliu.<br \/>\nMaterial Panama &#8211; material sintetic impermeabil<br \/>\nHusa deta\u0219abil\u0103 poate fi sp\u0103lat\u0103 la ma\u0219in\u0103, la o temperature de 30 de grade C \u0219i centrifugare mic\u0103.<br \/>\nPerlele de polistiren se vor aplatiza \u00een timp, astfel \u00eencat va trebui completat\u0103 cantitatea.<br \/>\nProdus \u00een Romania.<\/p>\n<p>Dimensiuni tip saltea (Lxlxh) 91x91x24 cm<br \/>\nDimensiuni tip fotoliu (LxlxhxH) 91x65x23x49 cm<br \/>\nGreutate 2,1 kg<\/p>","protected":false},"featured_media":2006,"template":"","meta":[],"product_brand":[],"product_cat":[15],"product_tag":[],"class_list":{"0":"post-1993","1":"product","2":"type-product","3":"status-publish","4":"has-post-thumbnail","6":"product_cat-uncategorized","8":"first","9":"instock","10":"shipping-taxable","11":"product-type-simple"},"jetpack_sharing_enabled":true,"_links":{"self":[{"href":"https:\/\/justcreativ.ro\/en\/wp-json\/wp\/v2\/product\/1993","targetHints":{"allow":["GET"]}}],"collection":[{"href":"https:\/\/justcreativ.ro\/en\/wp-json\/wp\/v2\/product"}],"about":[{"href":"https:\/\/justcreativ.ro\/en\/wp-json\/wp\/v2\/types\/product"}],"wp:featuredmedia":[{"embeddable":true,"href":"https:\/\/justcreativ.ro\/en\/wp-json\/wp\/v2\/media\/2006"}],"wp:attachment":[{"href":"https:\/\/justcreativ.ro\/en\/wp-json\/wp\/v2\/media?parent=1993"}],"wp:term":[{"taxonomy":"product_brand","embeddable":true,"href":"https:\/\/justcreativ.ro\/en\/wp-json\/wp\/v2\/product_brand?post=1993"},{"taxonomy":"product_cat","embeddable":true,"href":"https:\/\/justcreativ.ro\/en\/wp-json\/wp\/v2\/product_cat?post=1993"},{"taxonomy":"product_tag","embeddable":true,"href":"https:\/\/justcreativ.ro\/en\/wp-json\/wp\/v2\/product_tag?post=1993"}],"curies":[{"name":"wp","href":"https:\/\/api.w.org\/{rel}","templated":true}]}}