{"id":1991,"date":"2023-08-15T15:01:39","date_gmt":"2023-08-15T13:01:39","guid":{"rendered":"https:\/\/chaircraft.ro\/?post_type=product&#038;p=1991"},"modified":"2023-08-15T15:01:39","modified_gmt":"2023-08-15T13:01:39","slug":"leto-mediu","status":"publish","type":"product","link":"https:\/\/justcreativ.ro\/en\/uncategorized\/leto-mediu\/","title":{"rendered":"Leto mediu"},"content":{"rendered":"","protected":false},"excerpt":{"rendered":"<p>Fotoliu puf tip par\u0103, umplut cu perle de polistiren. Dispune de o hus\u0103, cu m\u00e2ner, din material<br \/>\nimpermeabil, astfel \u00eenc\u00e2t poate fi utilizat at\u00e2t indoor c\u00e2t \u0219i outdoor.<br \/>\nMaterial Panama &#8211; material sintetic impermeabil<br \/>\nHusa deta\u0219abil\u0103 poate fi sp\u0103lat\u0103 la ma\u0219in\u0103, la o temperature de 30 de grade C \u0219i centrifugare mic\u0103.<br \/>\nPerlele de polistiren se vor aplatiza \u00een timp, astfel \u00eenc\u00e2t va trebui completat\u0103 cantitatea.<\/p>\n<p>Dimensiuni standard (Lxlxh) 80x80x52 cm<br \/>\nDimensiuni \u00een folosin\u021b\u0103 (LxlxhxH) 80x80x34x78 cm<br \/>\nGreutate total\u0103 3,2 kg, din care umplutura reprezint\u0103 2,2 kg<br \/>\nVolum 0,33 mc<\/p>","protected":false},"featured_media":1987,"template":"","meta":[],"product_brand":[],"product_cat":[15],"product_tag":[],"class_list":{"0":"post-1991","1":"product","2":"type-product","3":"status-publish","4":"has-post-thumbnail","6":"product_cat-uncategorized","8":"first","9":"instock","10":"shipping-taxable","11":"product-type-simple"},"jetpack_sharing_enabled":true,"_links":{"self":[{"href":"https:\/\/justcreativ.ro\/en\/wp-json\/wp\/v2\/product\/1991","targetHints":{"allow":["GET"]}}],"collection":[{"href":"https:\/\/justcreativ.ro\/en\/wp-json\/wp\/v2\/product"}],"about":[{"href":"https:\/\/justcreativ.ro\/en\/wp-json\/wp\/v2\/types\/product"}],"wp:featuredmedia":[{"embeddable":true,"href":"https:\/\/justcreativ.ro\/en\/wp-json\/wp\/v2\/media\/1987"}],"wp:attachment":[{"href":"https:\/\/justcreativ.ro\/en\/wp-json\/wp\/v2\/media?parent=1991"}],"wp:term":[{"taxonomy":"product_brand","embeddable":true,"href":"https:\/\/justcreativ.ro\/en\/wp-json\/wp\/v2\/product_brand?post=1991"},{"taxonomy":"product_cat","embeddable":true,"href":"https:\/\/justcreativ.ro\/en\/wp-json\/wp\/v2\/product_cat?post=1991"},{"taxonomy":"product_tag","embeddable":true,"href":"https:\/\/justcreativ.ro\/en\/wp-json\/wp\/v2\/product_tag?post=1991"}],"curies":[{"name":"wp","href":"https:\/\/api.w.org\/{rel}","templated":true}]}}