{"id":1464,"date":"2023-07-30T14:16:08","date_gmt":"2023-07-30T12:16:08","guid":{"rendered":"https:\/\/chaircraft.ro\/?post_type=product&#038;p=1464"},"modified":"2025-09-16T16:27:24","modified_gmt":"2025-09-16T14:27:24","slug":"ariel","status":"publish","type":"product","link":"https:\/\/justcreativ.ro\/en\/picior-de-lemn\/ariel\/","title":{"rendered":"Ariel"},"content":{"rendered":"<p class=\"p1\">Scaunul <span class=\"s1\"><b>Ariel cu picioare din lemn<\/b><\/span> este alegerea perfect\u0103 pentru cei care caut\u0103 un echilibru \u00eentre confort, rezisten\u021b\u0103 \u0219i design modern. Datorit\u0103 \u0219ezutului generos, tapi\u021bat cu material textil de \u00eenalt\u0103 calitate, acest scaun ofer\u0103 o experien\u021b\u0103 de \u0219edere pl\u0103cut\u0103 chiar \u0219i pentru perioade \u00eendelungate.<\/p>\n<p class=\"p1\">Structura este realizat\u0103 din lemn masiv, ceea ce asigur\u0103 stabilitate \u0219i durabilitate, iar culoarea albastr\u0103 a tapi\u021beriei adaug\u0103 o not\u0103 sofisticat\u0103 oric\u0103rui spa\u021biu. Modelul Ariel este recomandat at\u00e2t pentru industria <span class=\"s1\"><b>HORECA<\/b><\/span> (restaurante, cafenele, hoteluri), c\u00e2t \u0219i pentru locuin\u021be moderne.<\/p>\n<p class=\"p1\">Disponibil \u00een mai multe nuan\u021be \u0219i finisaje, acest scaun este u\u0219or de integrat \u00een orice tip de decor interior.<\/p>","protected":false},"excerpt":{"rendered":"<h5>Techical data<\/h5>\n<table style=\"width: 100%; border-collapse: collapse; border: 1px solid r#f9f9f9;\">\n<tbody>\n<tr>\n<td style=\"width: 70%; border: 1px solid #f9f9f9; padding: 0px 3px 0 3px;\">Total height<\/td>\n<td style=\"width: 50%; border: 1px solid #f9f9f9; padding: 0px 3px 0 3px;\">76 cm<\/td>\n<\/tr>\n<tr>\n<td style=\"width: 70%; border: 1px solid #f9f9f9; padding: 0px 3px 0 3px;\">Total width<\/td>\n<td style=\"width: 50%; border: 1px solid #f9f9f9; padding: 0px 3px 0 3px;\">57 cm<\/td>\n<\/tr>\n<tr>\n<td style=\"width: 70%; border: 1px solid #f9f9f9; padding: 0px 3px 0 3px;\">Seat height<\/td>\n<td style=\"width: 50%; border: 1px solid #f9f9f9; padding: 0px 3px 0 3px;\">46,5 cm<\/td>\n<\/tr>\n<tr>\n<td style=\"width: 70%; border: 1px solid #f9f9f9; padding: 0px 3px 0 3px;\">Seat depth<\/td>\n<td style=\"width: 50%; border: 1px solid #f9f9f9; padding: 0px 3px 0 3px;\">45 cm<\/td>\n<\/tr>\n<tr>\n<td style=\"width: 70%; border: 1px solid #f9f9f9; padding: 0px 3px 0 3px;\">Arm height<\/td>\n<td style=\"width: 50%; border: 1px solid #f9f9f9; padding: 0px 3px 0 3px;\">70 cm<\/td>\n<\/tr>\n<tr>\n<td style=\"width: 70%; border: 1px solid #f9f9f9; padding: 0px 3px 0 3px;\">Total depth<\/td>\n<td style=\"width: 50%; border: 1px solid #f9f9f9; padding: 0px 3px 0 3px;\">58 cm<\/td>\n<\/tr>\n<\/tbody>\n<\/table>\n<p>&nbsp;<\/p>\n<table style=\"width: 100%; border-collapse: collapse; border: 1px solid r#f9f9f9;\">\n<tbody>\n<tr>\n<td style=\"width: 70%; border: 1px solid #f9f9f9; padding: 0px 3px 0 3px;\">Weight<\/td>\n<td style=\"width: 50%; border: 1px solid #f9f9f9; padding: 0px 3px 0 3px;\">9,5 kg<\/td>\n<\/tr>\n<tr>\n<td style=\"width: 70%; border: 1px solid #f9f9f9; padding: 0px 3px 0 3px;\">Gross weight<\/td>\n<td style=\"width: 50%; border: 1px solid #f9f9f9; padding: 0px 3px 0 3px;\">12,5 kg<\/td>\n<\/tr>\n<tr>\n<td style=\"width: 70%; border: 1px solid #f9f9f9; padding: 0px 3px 0 3px;\">Gross volume<\/td>\n<td style=\"width: 50%; border: 1px solid #f9f9f9; padding: 0px 3px 0 3px;\">0,38 cbm<\/td>\n<\/tr>\n<tr>\n<td style=\"width: 70%; border: 1px solid #f9f9f9; padding: 0px 3px 0 3px;\">Quantity per box<\/td>\n<td style=\"width: 50%; border: 1px solid #f9f9f9; padding: 0px 3px 0 3px;\">1<\/td>\n<\/tr>\n<\/tbody>\n<\/table>","protected":false},"featured_media":2574,"template":"","meta":[],"product_brand":[],"product_cat":[30],"product_tag":[41,37,35,40,38,39,36,42],"class_list":{"0":"post-1464","1":"product","2":"type-product","3":"status-publish","4":"has-post-thumbnail","6":"product_cat-picior-de-lemn","7":"product_tag-mobilier-horeca","8":"product_tag-scaun-albastru","9":"product_tag-scaun-horeca","10":"product_tag-scaun-living-modern","11":"product_tag-scaun-picioare-lemn","12":"product_tag-scaun-restaurant","13":"product_tag-scaun-tapitat","14":"product_tag-scaune-just-creativ","16":"first","17":"instock","18":"shipping-taxable","19":"product-type-simple"},"jetpack_sharing_enabled":true,"_links":{"self":[{"href":"https:\/\/justcreativ.ro\/en\/wp-json\/wp\/v2\/product\/1464","targetHints":{"allow":["GET"]}}],"collection":[{"href":"https:\/\/justcreativ.ro\/en\/wp-json\/wp\/v2\/product"}],"about":[{"href":"https:\/\/justcreativ.ro\/en\/wp-json\/wp\/v2\/types\/product"}],"wp:featuredmedia":[{"embeddable":true,"href":"https:\/\/justcreativ.ro\/en\/wp-json\/wp\/v2\/media\/2574"}],"wp:attachment":[{"href":"https:\/\/justcreativ.ro\/en\/wp-json\/wp\/v2\/media?parent=1464"}],"wp:term":[{"taxonomy":"product_brand","embeddable":true,"href":"https:\/\/justcreativ.ro\/en\/wp-json\/wp\/v2\/product_brand?post=1464"},{"taxonomy":"product_cat","embeddable":true,"href":"https:\/\/justcreativ.ro\/en\/wp-json\/wp\/v2\/product_cat?post=1464"},{"taxonomy":"product_tag","embeddable":true,"href":"https:\/\/justcreativ.ro\/en\/wp-json\/wp\/v2\/product_tag?post=1464"}],"curies":[{"name":"wp","href":"https:\/\/api.w.org\/{rel}","templated":true}]}}